{"id":23,"date":"2018-10-27T06:55:29","date_gmt":"2018-10-27T06:55:29","guid":{"rendered":"http:\/\/localhost\/jameson\/?page_id=23"},"modified":"2025-07-02T17:06:34","modified_gmt":"2025-07-02T15:06:34","slug":"home","status":"publish","type":"page","link":"https:\/\/osakaexpo.winesofhungary.hu\/ja\/","title":{"rendered":"\u30db\u30fc\u30e0"},"content":{"rendered":"<div class=\"wpb-content-wrapper\"><div class=\"vc_row wpb_row vc_row-fluid vc_custom_1741340335926\"><div class=\"wpb_column vc_column_container vc_col-sm-12\"><div class=\"vc_column-inner\"><div class=\"wpb_wrapper\">\n\t<div  class=\"wpb_single_image wpb_content_element vc_align_left wpb_content_element vc_custom_1747234097108  main-image\">\n\t\t\n\t\t<figure class=\"wpb_wrapper vc_figure\">\n\t\t\t<div class=\"vc_single_image-wrapper   vc_box_border_grey\"><img loading=\"lazy\" decoding=\"async\" width=\"1280\" height=\"558\" src=\"https:\/\/osakaexpo.winesofhungary.hu\/wp-content\/uploads\/2025\/05\/wines_of_hungary_at_osakaexpo.jpg\" class=\"vc_single_image-img attachment-full\" alt=\"\" title=\"wines_of_hungary_at_osakaexpo\" srcset=\"https:\/\/osakaexpo.winesofhungary.hu\/wp-content\/uploads\/2025\/05\/wines_of_hungary_at_osakaexpo.jpg 1280w, https:\/\/osakaexpo.winesofhungary.hu\/wp-content\/uploads\/2025\/05\/wines_of_hungary_at_osakaexpo-768x335.jpg 768w, https:\/\/osakaexpo.winesofhungary.hu\/wp-content\/uploads\/2025\/05\/wines_of_hungary_at_osakaexpo-18x8.jpg 18w\" sizes=\"auto, (max-width: 1280px) 100vw, 1280px\" \/><\/div>\n\t\t<\/figure>\n\t<\/div>\n\n\t<div class=\"wpb_text_column wpb_content_element vc_custom_1751468791829 tart\" >\n\t\t<div class=\"wpb_wrapper\">\n\t\t\t<h1>Hungary Goes to Japan<\/h1>\n<h2>\u30cf\u30f3\u30ac\u30ea\u30fc\u7523\u30ef\u30a4\u30f3\u304c\u5927\u962a\u4e07\u535a\u306b\u767b\u5834\uff01<\/h2>\n<p><strong>\u3054\u6765\u5834\u306e\u7686\u69d8\u3078<\/strong><\/p>\n<p>\u30a4\u30d9\u30f3\u30c8\u30b7\u30ea\u30fc\u30ba\u3078\u306e\u3054\u53c2\u52a0\u3001\u8aa0\u306b\u3042\u308a\u304c\u3068\u3046\u3054\u3056\u3044\u307e\u3057\u305f\u3002<br \/>\n6\u67084\u65e5\u301c7\u65e5\u306b\u5b9f\u65bd\u3055\u308c\u305f\u30d7\u30ed\u30b0\u30e9\u30e0\u306e\u30d7\u30ec\u30bc\u30f3\u30c6\u30fc\u30b7\u30e7\u30f3\u306f\u3001\u4ee5\u4e0b\u3088\u308a\u30c0\u30a6\u30f3\u30ed\u30fc\u30c9\u3044\u305f\u3060\u3051\u307e\u3059\u3002<\/p>\n<p><strong>6\u67084\u65e5 \u2013 \u5186\u5353\u4f1a\u8b70<br \/>\n<\/strong><br \/>\n\u30cf\u30f3\u30ac\u30ea\u30fc\u306e\u30ef\u30a4\u30f3\u751f\u7523\u8005\u3068\u300cSAKURA Japan Women\u2019s Wine Awards\u300d<\/p>\n<p><a class=\"button red\" href=\"https:\/\/osakaexpo.winesofhungary.hu\/wp-content\/uploads\/2025\/07\/FINAL_04JUN2025_Sakura_Panel-Discussion_presentation_JP.pdf\" target=\"_blank\" rel=\"noopener\">\u30c0\u30a6\u30f3\u30ed\u30fc\u30c9<\/a><\/p>\n<p><strong>6\u67085\u65e5 \u2013 HoReCa\u30c7\u30fc<br \/>\n<\/strong><br \/>\n\u30d0\u30fc\u30eb\u30c9\u30b7\u30e5\u30fb\u30b7\u30e3\u30ed\u30eb\u30bf\u3001\u30b7\u30a7\u30d9\u30b7\u30e5\u30c1\u30a7\u30fc\u30cb\u30fb\u30c1\u30c3\u30e9\u3001\u30af\u30f4\u30a7\u30b7\u30e5\u30c7\u30a3\u30fb\u30b8\u30e7\u30fc\u30d5\u30a3\u30a2\u3001\u77f3\u7530\u535a:\n\u300c\u30cf\u30f3\u30ac\u30ea\u30fc\u518d\u767a\u898b\u300d<\/p>\n<p><a class=\"button red\" href=\"https:\/\/osakaexpo.winesofhungary.hu\/wp-content\/uploads\/2025\/07\/FINAL_05JUN2025_Importers_presentation_no1.pdf\" target=\"_blank\" rel=\"noopener\">\u30c0\u30a6\u30f3\u30ed\u30fc\u30c9<\/a><\/p>\n<p>\u6fa4\u8fba\u5c0f\u53cb\u7f8e:\n\u300cSAKURA Japan Women\u2019s Wine Awards\u300d\u3092\u901a\u3058\u305f\u30cf\u30f3\u30ac\u30ea\u30fc\u30ef\u30a4\u30f3\u306e\u7d39\u4ecb<\/p>\n<p><a class=\"button red\" href=\"https:\/\/osakaexpo.winesofhungary.hu\/wp-content\/uploads\/2025\/07\/FINAL_05JUN2025_Sakura_JP.pdf\" target=\"_blank\" rel=\"noopener\">\u30c0\u30a6\u30f3\u30ed\u30fc\u30c9<\/a><\/p>\n<p>\u300c\u30cf\u30f3\u30ac\u30ea\u30fc\u6700\u9ad8\u5cf0\u306e\u30ef\u30a4\u30f3\u300d<br \/>\n\u65e5\u672c\u306e\u30a4\u30f3\u30dd\u30fc\u30bf\u30fc\u304c\u53b3\u9078\u3057\u305f\u30cf\u30f3\u30ac\u30ea\u30fc\u30ef\u30a4\u30f3\u3068\u30ef\u30a4\u30ca\u30ea\u30fc<\/p>\n<p><a class=\"button red\" href=\"https:\/\/osakaexpo.winesofhungary.hu\/wp-content\/uploads\/2025\/07\/FINAL_05JUN2025_Importers_presentation_no1.pdf\" target=\"_blank\" rel=\"noopener\">\u30c0\u30a6\u30f3\u30ed\u30fc\u30c9<\/a><\/p>\n<p><strong>6\u67086\u65e5 \u2013 \u30ef\u30a4\u30f3\u8cbf\u6613 \u30c7\u30fc<br \/>\n<\/strong><br \/>\n\u30d0\u30fc\u30eb\u30c9\u30b7\u30e5\u30fb\u30b7\u30e3\u30ed\u30eb\u30bf\u3001\u30b7\u30a7\u30d9\u30b7\u30e5\u30c1\u30a7\u30fc\u30cb\u30fb\u30c1\u30c3\u30e9\u3001\u30af\u30f4\u30a7\u30b7\u30e5\u30c7\u30a3\u30fb\u30b8\u30e7\u30fc\u30d5\u30a3\u30a2\u3001\u6fa4\u8fba\u5c0f\u53cb\u7f8e:\n\u300c\u30cf\u30f3\u30ac\u30ea\u30fc\u518d\u767a\u898b\u300d<\/p>\n<p><a class=\"button red\" href=\"https:\/\/osakaexpo.winesofhungary.hu\/wp-content\/uploads\/2025\/07\/FINAL_05_07JUN2025_Discovering-Hungary_Morning-tasting_JP.pdf\" target=\"_blank\" rel=\"noopener\">\u30c0\u30a6\u30f3\u30ed\u30fc\u30c9<\/a><\/p>\n<p>\u300c\u30cf\u30f3\u30ac\u30ea\u30fc\u6700\u9ad8\u5cf0\u306e\u30ef\u30a4\u30f3\u300d<br \/>\n\u65e5\u672c\u306e\u30a4\u30f3\u30dd\u30fc\u30bf\u30fc\u304c\u53b3\u9078\u3057\u305f\u30cf\u30f3\u30ac\u30ea\u30fc\u30ef\u30a4\u30f3\u3068\u30ef\u30a4\u30ca\u30ea\u30fc<\/p>\n<p><a class=\"button red\" href=\"https:\/\/osakaexpo.winesofhungary.hu\/wp-content\/uploads\/2025\/07\/FINAL_06JUN2025_Importers_presentation_no2.pdf\" target=\"_blank\" rel=\"noopener\">\u30c0\u30a6\u30f3\u30ed\u30fc\u30c9<\/a><\/p>\n<p><strong>6\u67087\u65e5 \u2013 \u30ef\u30a4\u30f3\u30c4\u30fc\u30ea\u30ba\u30e0\uff06\u30e1\u30c7\u30a3\u30a2 \u30c7\u30fc<br \/>\n<\/strong><br \/>\n\u30d0\u30fc\u30eb\u30c9\u30b7\u30e5\u30fb\u30b7\u30e3\u30ed\u30eb\u30bf\u3001\u30b7\u30a7\u30d9\u30b7\u30e5\u30c1\u30a7\u30fc\u30cb\u30fb\u30c1\u30c3\u30e9\u3001\u30af\u30f4\u30a7\u30b7\u30e5\u30c7\u30a3\u30fb\u30b8\u30e7\u30fc\u30d5\u30a3\u30a2\u3001\u77f3\u7530\u535a:\n\u300c\u30cf\u30f3\u30ac\u30ea\u30fc\u518d\u767a\u898b\u300d<\/p>\n<p><a class=\"button red\" href=\"https:\/\/osakaexpo.winesofhungary.hu\/wp-content\/uploads\/2025\/07\/FINAL_05_07JUN2025_Discovering-Hungary_Morning-tasting_JP.pdf\" target=\"_blank\" rel=\"noopener\">\u30c0\u30a6\u30f3\u30ed\u30fc\u30c9<\/a><\/p>\n<p>\u52dd\u7530\u57fa\u55e3:\n\u30cf\u30f3\u30ac\u30ea\u30fc\u306e\u30ef\u30a4\u30f3\u30c4\u30fc\u30ea\u30ba\u30e0<br \/>\n\u30d6\u30c0\u30da\u30b9\u30c8\u304a\u3088\u3073\u30cf\u30f3\u30ac\u30ea\u30fc\u306e\u30ef\u30a4\u30f3\u7523\u5730\u306b\u304a\u3051\u308b\u4e3b\u8981\u306a\u89b3\u5149\u540d\u6240\u306e\u7d39\u4ecb<\/p>\n<p><a class=\"button red\" href=\"https:\/\/osakaexpo.winesofhungary.hu\/wp-content\/uploads\/2025\/07\/FINAL_07JUN2025_Wine-Tourism-in-Hungary_Motoji-KATSUTA.pdf\" target=\"_blank\" rel=\"noopener\">\u30c0\u30a6\u30f3\u30ed\u30fc\u30c9<\/a><\/p>\n<p>\u30b9\u30fc\u30c1\uff1d\u30d0\u30e9\u30b7\u30e5\u30fb\u30f4\u30a7\u30e9:\n\u300c\u30cf\u30f3\u30ac\u30ea\u30fc\u3067\u306e\u4fe1\u983c\u306e\u30d1\u30fc\u30c8\u30ca\u30fc\u300d<br \/>\n\u30a4\u30d9\u30f3\u30c8\u30b7\u30ea\u30fc\u30ba\u306e\u4e3b\u50ac\u8005\u3067\u3042\u308b\u30cf\u30f3\u30ac\u30ea\u30fc \u30ef\u30a4\u30f3 \u30de\u30fc\u30b1\u30c6\u30a3\u30f3\u30b0\u5e81\u6559\u80b2\u30fb\u5e83\u5831\u90e8\u9577\u306b\u3088\u308b\u30d7\u30ec\u30bc\u30f3\u30c6\u30fc\u30b7\u30e7\u30f3<\/p>\n<p><a class=\"button red\" href=\"https:\/\/osakaexpo.winesofhungary.hu\/wp-content\/uploads\/2025\/07\/FINAL_07JUN2025_Wines-of-Hungary_Vera-Balazs-Szucs_JP.pdf\" target=\"_blank\" rel=\"noopener\">\u30c0\u30a6\u30f3\u30ed\u30fc\u30c9<\/a><\/p>\n<p><strong>Wines of Hungary Image Film<\/strong><br \/>\n<a class=\"button red\" href=\"https:\/\/youtu.be\/s9cBoWFNKl4\" target=\"_blank\" rel=\"noopener\">VIEW<\/a><\/p>\n<p><strong>\u00a0<\/strong><strong>\u304a\u554f\u3044\u5408\u308f\u305b\u5148<\/strong><\/p>\n<p>Sakura Japan Women\u2019s Wine Awards<br \/>\n<a href=\"mailto:info@sakuraaward.com\">info@sakuraaward.com<\/a><\/p>\n<p>Wines of Hungary &#8211; Hungarian Wine Marketing Agency<br \/>\n<a href=\"mailto:info@winesofhungary.hu\">info@winesofhungary.hu<\/a><\/p>\n<p>Ms. Csilla Sebesty\u00e9n \u2013 Sebesty\u00e9n Winery, Szeksz\u00e1rd<br \/>\n<a href=\"mailto:hello@sebestyenszekszard.hu\">hello@sebestyenszekszard.hu<\/a><\/p>\n<p>Ms. Sarolta B\u00e1rdos &#8211; Tokaj Nobilis Winery, Tokaj<br \/>\n<a href=\"mailto:bardos@tokajnobilis.hu\">bardos@tokajnobilis.hu<\/a><\/p>\n<p>Ms. Zs\u00f3fia K\u00f6vesdi &#8211; Jammertal Wine Estate, Vill\u00e1ny<br \/>\n<a href=\"mailto:Kovesdi.zsofia@jbb.hu\">Kovesdi.zsofia@jbb.hu<\/a><\/p>\n<p>Mr. Motoji Katsuta \u2013 Liszt Hungarian Cultural Institute Tokyo, Tourism Affairs<br \/>\n<a href=\"mailto:info@hungarytabi.jp\">info@hungarytabi.jp<\/a><\/p>\n<p>Ms. Azuma Takae &#8211; AZ Group \u2013 Hungary Foods Supply Inc.<br \/>\n<a href=\"mailto:azuma@az-group.net\">azuma@az-group.net<\/a><\/p>\n<p>Ms. Machiko Pollard &#8211; Suzuki Business Co., Ltd.<br \/>\n<a href=\"mailto:mpollard@suzuki-business.co.jp\">mpollard@suzuki-business.co.jp<\/a><\/p>\n<p>Ms. Csilla Yamaguchi &#8211; Ipsilons Co., Ltd.<br \/>\n<a href=\"mailto:csilla@ymgch.jp\">csilla@ymgch.jp<\/a><\/p>\n\n\t\t<\/div>\n\t<\/div>\n<\/div><\/div><\/div><\/div><section class=\"vc_section\"><div id=\"galeria\" class=\"vc_row wpb_row vc_row-fluid\"><div class=\"wpb_column vc_column_container vc_col-sm-12\"><div class=\"vc_column-inner\"><div class=\"wpb_wrapper\"><div class=\"wpb_gallery wpb_content_element vc_clearfix wpb_content_element\" ><div class=\"wpb_wrapper\"><div class=\"wpb_gallery_slides wpb_image_grid\" data-interval=\"3\"><ul class=\"wpb_image_grid_ul\"><li class=\"isotope-item\"><a href=\"https:\/\/osakaexpo.winesofhungary.hu\/wp-content\/uploads\/2025\/05\/expo2025-hungary-magyar-pavilon-kepvalogatas-expo-hun-2025-community-space-01-scaled-1.jpg\" target=\"_self\"><img loading=\"lazy\" decoding=\"async\" width=\"1200\" height=\"800\" src=\"https:\/\/osakaexpo.winesofhungary.hu\/wp-content\/uploads\/2025\/05\/expo2025-hungary-magyar-pavilon-kepvalogatas-expo-hun-2025-community-space-01-scaled-1.jpg\" class=\"attachment-medium\" alt=\"\" title=\"expo2025-hungary-magyar-pavilon-kepvalogatas-expo-hun-2025-community-space-01-scaled\" srcset=\"https:\/\/osakaexpo.winesofhungary.hu\/wp-content\/uploads\/2025\/05\/expo2025-hungary-magyar-pavilon-kepvalogatas-expo-hun-2025-community-space-01-scaled-1.jpg 1200w, https:\/\/osakaexpo.winesofhungary.hu\/wp-content\/uploads\/2025\/05\/expo2025-hungary-magyar-pavilon-kepvalogatas-expo-hun-2025-community-space-01-scaled-1-768x512.jpg 768w, https:\/\/osakaexpo.winesofhungary.hu\/wp-content\/uploads\/2025\/05\/expo2025-hungary-magyar-pavilon-kepvalogatas-expo-hun-2025-community-space-01-scaled-1-18x12.jpg 18w\" sizes=\"auto, (max-width: 1200px) 100vw, 1200px\" \/><\/a><\/li><li class=\"isotope-item\"><a href=\"https:\/\/osakaexpo.winesofhungary.hu\/wp-content\/uploads\/2025\/05\/expo2025-hungary-magyar-pavilon-kepvalogatas-expo-hun-2025-exterior-02-scaled-1.jpg\" target=\"_self\"><img loading=\"lazy\" decoding=\"async\" width=\"1200\" height=\"800\" src=\"https:\/\/osakaexpo.winesofhungary.hu\/wp-content\/uploads\/2025\/05\/expo2025-hungary-magyar-pavilon-kepvalogatas-expo-hun-2025-exterior-02-scaled-1.jpg\" class=\"attachment-medium\" alt=\"\" title=\"expo2025-hungary-magyar-pavilon-kepvalogatas-expo-hun-2025-exterior-02-scaled\" srcset=\"https:\/\/osakaexpo.winesofhungary.hu\/wp-content\/uploads\/2025\/05\/expo2025-hungary-magyar-pavilon-kepvalogatas-expo-hun-2025-exterior-02-scaled-1.jpg 1200w, https:\/\/osakaexpo.winesofhungary.hu\/wp-content\/uploads\/2025\/05\/expo2025-hungary-magyar-pavilon-kepvalogatas-expo-hun-2025-exterior-02-scaled-1-768x512.jpg 768w, https:\/\/osakaexpo.winesofhungary.hu\/wp-content\/uploads\/2025\/05\/expo2025-hungary-magyar-pavilon-kepvalogatas-expo-hun-2025-exterior-02-scaled-1-18x12.jpg 18w\" sizes=\"auto, (max-width: 1200px) 100vw, 1200px\" \/><\/a><\/li><li class=\"isotope-item\"><a href=\"https:\/\/osakaexpo.winesofhungary.hu\/wp-content\/uploads\/2025\/05\/expo2025-hungary-magyar-pavilon-kepvalogatas-expo-hun-2025-exterior-04-scaled-1.jpg\" target=\"_self\"><img loading=\"lazy\" decoding=\"async\" width=\"1200\" height=\"800\" src=\"https:\/\/osakaexpo.winesofhungary.hu\/wp-content\/uploads\/2025\/05\/expo2025-hungary-magyar-pavilon-kepvalogatas-expo-hun-2025-exterior-04-scaled-1.jpg\" class=\"attachment-medium\" alt=\"\" title=\"expo2025-hungary-magyar-pavilon-kepvalogatas-expo-hun-2025-exterior-04-scaled\" srcset=\"https:\/\/osakaexpo.winesofhungary.hu\/wp-content\/uploads\/2025\/05\/expo2025-hungary-magyar-pavilon-kepvalogatas-expo-hun-2025-exterior-04-scaled-1.jpg 1200w, https:\/\/osakaexpo.winesofhungary.hu\/wp-content\/uploads\/2025\/05\/expo2025-hungary-magyar-pavilon-kepvalogatas-expo-hun-2025-exterior-04-scaled-1-768x512.jpg 768w, https:\/\/osakaexpo.winesofhungary.hu\/wp-content\/uploads\/2025\/05\/expo2025-hungary-magyar-pavilon-kepvalogatas-expo-hun-2025-exterior-04-scaled-1-18x12.jpg 18w\" sizes=\"auto, (max-width: 1200px) 100vw, 1200px\" \/><\/a><\/li><li class=\"isotope-item\"><a href=\"https:\/\/osakaexpo.winesofhungary.hu\/wp-content\/uploads\/2025\/05\/expo2025-hungary-magyar-pavilon-kepvalogatas-expo-hun-2025-restaurant-01-scaled-1.jpg\" target=\"_self\"><img loading=\"lazy\" decoding=\"async\" width=\"1200\" height=\"800\" src=\"https:\/\/osakaexpo.winesofhungary.hu\/wp-content\/uploads\/2025\/05\/expo2025-hungary-magyar-pavilon-kepvalogatas-expo-hun-2025-restaurant-01-scaled-1.jpg\" class=\"attachment-medium\" alt=\"\" title=\"expo2025-hungary-magyar-pavilon-kepvalogatas-expo-hun-2025-restaurant-01-scaled\" srcset=\"https:\/\/osakaexpo.winesofhungary.hu\/wp-content\/uploads\/2025\/05\/expo2025-hungary-magyar-pavilon-kepvalogatas-expo-hun-2025-restaurant-01-scaled-1.jpg 1200w, https:\/\/osakaexpo.winesofhungary.hu\/wp-content\/uploads\/2025\/05\/expo2025-hungary-magyar-pavilon-kepvalogatas-expo-hun-2025-restaurant-01-scaled-1-768x512.jpg 768w, https:\/\/osakaexpo.winesofhungary.hu\/wp-content\/uploads\/2025\/05\/expo2025-hungary-magyar-pavilon-kepvalogatas-expo-hun-2025-restaurant-01-scaled-1-18x12.jpg 18w\" sizes=\"auto, (max-width: 1200px) 100vw, 1200px\" \/><\/a><\/li><li class=\"isotope-item\"><a href=\"https:\/\/osakaexpo.winesofhungary.hu\/wp-content\/uploads\/2025\/05\/expo2025-hungary-magyar-pavilon-kepvalogatas-expo-hun-2025-restaurant-10-scaled-1.jpg\" target=\"_self\"><img loading=\"lazy\" decoding=\"async\" width=\"1200\" height=\"800\" src=\"https:\/\/osakaexpo.winesofhungary.hu\/wp-content\/uploads\/2025\/05\/expo2025-hungary-magyar-pavilon-kepvalogatas-expo-hun-2025-restaurant-10-scaled-1.jpg\" class=\"attachment-medium\" alt=\"\" title=\"expo2025-hungary-magyar-pavilon-kepvalogatas-expo-hun-2025-restaurant-10-scaled\" srcset=\"https:\/\/osakaexpo.winesofhungary.hu\/wp-content\/uploads\/2025\/05\/expo2025-hungary-magyar-pavilon-kepvalogatas-expo-hun-2025-restaurant-10-scaled-1.jpg 1200w, https:\/\/osakaexpo.winesofhungary.hu\/wp-content\/uploads\/2025\/05\/expo2025-hungary-magyar-pavilon-kepvalogatas-expo-hun-2025-restaurant-10-scaled-1-768x512.jpg 768w, https:\/\/osakaexpo.winesofhungary.hu\/wp-content\/uploads\/2025\/05\/expo2025-hungary-magyar-pavilon-kepvalogatas-expo-hun-2025-restaurant-10-scaled-1-18x12.jpg 18w\" sizes=\"auto, (max-width: 1200px) 100vw, 1200px\" \/><\/a><\/li><li class=\"isotope-item\"><a href=\"https:\/\/osakaexpo.winesofhungary.hu\/wp-content\/uploads\/2025\/05\/expo2025-hungary-magyar-pavilon-kepvalogatas-expo-hun-2025-restaurant-15-scaled-1.jpg\" target=\"_self\"><img loading=\"lazy\" decoding=\"async\" width=\"1200\" height=\"800\" src=\"https:\/\/osakaexpo.winesofhungary.hu\/wp-content\/uploads\/2025\/05\/expo2025-hungary-magyar-pavilon-kepvalogatas-expo-hun-2025-restaurant-15-scaled-1.jpg\" class=\"attachment-medium\" alt=\"\" title=\"expo2025-hungary-magyar-pavilon-kepvalogatas-expo-hun-2025-restaurant-15-scaled\" srcset=\"https:\/\/osakaexpo.winesofhungary.hu\/wp-content\/uploads\/2025\/05\/expo2025-hungary-magyar-pavilon-kepvalogatas-expo-hun-2025-restaurant-15-scaled-1.jpg 1200w, https:\/\/osakaexpo.winesofhungary.hu\/wp-content\/uploads\/2025\/05\/expo2025-hungary-magyar-pavilon-kepvalogatas-expo-hun-2025-restaurant-15-scaled-1-768x512.jpg 768w, https:\/\/osakaexpo.winesofhungary.hu\/wp-content\/uploads\/2025\/05\/expo2025-hungary-magyar-pavilon-kepvalogatas-expo-hun-2025-restaurant-15-scaled-1-18x12.jpg 18w\" sizes=\"auto, (max-width: 1200px) 100vw, 1200px\" \/><\/a><\/li><\/ul><\/div><\/div><\/div><\/div><\/div><\/div><\/div><\/section>\n<\/div>","protected":false},"excerpt":{"rendered":"Hungary Goes to Japan Wines of Hungary at the Osaka World Expo Dear Guests, Thank you for participating in our [...]","protected":false},"author":4,"featured_media":0,"parent":0,"menu_order":0,"comment_status":"closed","ping_status":"closed","template":"page-templates\/home.php","meta":{"_acf_changed":false,"footnotes":""},"class_list":["post-23","page","type-page","status-publish","hentry"],"acf":[],"yoast_head":"<!-- This site is optimized with the Yoast SEO plugin v24.6 - https:\/\/yoast.com\/wordpress\/plugins\/seo\/ -->\n<title>Home - Hungary at Osaka Expo<\/title>\n<meta name=\"robots\" content=\"index, follow, max-snippet:-1, max-image-preview:large, max-video-preview:-1\" \/>\n<link rel=\"canonical\" href=\"https:\/\/osakaexpo.winesofhungary.hu\/ja\/\" \/>\n<meta property=\"og:locale\" content=\"ja_JP\" \/>\n<meta property=\"og:type\" content=\"article\" \/>\n<meta property=\"og:title\" content=\"Home - Hungary at Osaka Expo\" \/>\n<meta property=\"og:url\" content=\"https:\/\/osakaexpo.winesofhungary.hu\/ja\/\" \/>\n<meta property=\"og:site_name\" content=\"Hungary at Osaka Expo\" \/>\n<meta property=\"article:modified_time\" content=\"2025-07-02T15:06:34+00:00\" \/>\n<meta property=\"og:image\" content=\"https:\/\/osakaexpo.winesofhungary.hu\/wp-content\/uploads\/2022\/04\/foto_Prowein_2.jpg\" \/>\n\t<meta property=\"og:image:width\" content=\"1200\" \/>\n\t<meta property=\"og:image:height\" content=\"503\" \/>\n\t<meta property=\"og:image:type\" content=\"image\/jpeg\" \/>\n<meta name=\"twitter:card\" content=\"summary_large_image\" \/>\n<meta name=\"twitter:label1\" content=\"\u63a8\u5b9a\u8aad\u307f\u53d6\u308a\u6642\u9593\" \/>\n\t<meta name=\"twitter:data1\" content=\"3\u5206\" \/>\n<script type=\"application\/ld+json\" class=\"yoast-schema-graph\">{\"@context\":\"https:\/\/schema.org\",\"@graph\":[{\"@type\":\"WebPage\",\"@id\":\"https:\/\/osakaexpo.winesofhungary.hu\/\",\"url\":\"https:\/\/osakaexpo.winesofhungary.hu\/\",\"name\":\"Home - Hungary at Osaka Expo\",\"isPartOf\":{\"@id\":\"https:\/\/osakaexpo.winesofhungary.hu\/#website\"},\"datePublished\":\"2018-10-27T06:55:29+00:00\",\"dateModified\":\"2025-07-02T15:06:34+00:00\",\"breadcrumb\":{\"@id\":\"https:\/\/osakaexpo.winesofhungary.hu\/#breadcrumb\"},\"inLanguage\":\"ja\",\"potentialAction\":[{\"@type\":\"ReadAction\",\"target\":[\"https:\/\/osakaexpo.winesofhungary.hu\/\"]}]},{\"@type\":\"BreadcrumbList\",\"@id\":\"https:\/\/osakaexpo.winesofhungary.hu\/#breadcrumb\",\"itemListElement\":[{\"@type\":\"ListItem\",\"position\":1,\"name\":\"Home\",\"item\":\"https:\/\/osakaexpo.winesofhungary.hu\/\"},{\"@type\":\"ListItem\",\"position\":2,\"name\":\"Home\"}]},{\"@type\":\"WebSite\",\"@id\":\"https:\/\/osakaexpo.winesofhungary.hu\/#website\",\"url\":\"https:\/\/osakaexpo.winesofhungary.hu\/\",\"name\":\"Hungary at Osaka Expo\",\"description\":\"\",\"potentialAction\":[{\"@type\":\"SearchAction\",\"target\":{\"@type\":\"EntryPoint\",\"urlTemplate\":\"https:\/\/osakaexpo.winesofhungary.hu\/?s={search_term_string}\"},\"query-input\":{\"@type\":\"PropertyValueSpecification\",\"valueRequired\":true,\"valueName\":\"search_term_string\"}}],\"inLanguage\":\"ja\"}]}<\/script>\n<!-- \/ Yoast SEO plugin. -->","yoast_head_json":{"title":"Home - Hungary at Osaka Expo","robots":{"index":"index","follow":"follow","max-snippet":"max-snippet:-1","max-image-preview":"max-image-preview:large","max-video-preview":"max-video-preview:-1"},"canonical":"https:\/\/osakaexpo.winesofhungary.hu\/ja\/","og_locale":"ja_JP","og_type":"article","og_title":"Home - Hungary at Osaka Expo","og_url":"https:\/\/osakaexpo.winesofhungary.hu\/ja\/","og_site_name":"Hungary at Osaka Expo","article_modified_time":"2025-07-02T15:06:34+00:00","og_image":[{"width":1200,"height":503,"url":"https:\/\/osakaexpo.winesofhungary.hu\/wp-content\/uploads\/2022\/04\/foto_Prowein_2.jpg","type":"image\/jpeg"}],"twitter_card":"summary_large_image","twitter_misc":{"\u63a8\u5b9a\u8aad\u307f\u53d6\u308a\u6642\u9593":"3\u5206"},"schema":{"@context":"https:\/\/schema.org","@graph":[{"@type":"WebPage","@id":"https:\/\/osakaexpo.winesofhungary.hu\/","url":"https:\/\/osakaexpo.winesofhungary.hu\/","name":"Home - Hungary at Osaka Expo","isPartOf":{"@id":"https:\/\/osakaexpo.winesofhungary.hu\/#website"},"datePublished":"2018-10-27T06:55:29+00:00","dateModified":"2025-07-02T15:06:34+00:00","breadcrumb":{"@id":"https:\/\/osakaexpo.winesofhungary.hu\/#breadcrumb"},"inLanguage":"ja","potentialAction":[{"@type":"ReadAction","target":["https:\/\/osakaexpo.winesofhungary.hu\/"]}]},{"@type":"BreadcrumbList","@id":"https:\/\/osakaexpo.winesofhungary.hu\/#breadcrumb","itemListElement":[{"@type":"ListItem","position":1,"name":"Home","item":"https:\/\/osakaexpo.winesofhungary.hu\/"},{"@type":"ListItem","position":2,"name":"Home"}]},{"@type":"WebSite","@id":"https:\/\/osakaexpo.winesofhungary.hu\/#website","url":"https:\/\/osakaexpo.winesofhungary.hu\/","name":"Hungary at Osaka Expo","description":"","potentialAction":[{"@type":"SearchAction","target":{"@type":"EntryPoint","urlTemplate":"https:\/\/osakaexpo.winesofhungary.hu\/?s={search_term_string}"},"query-input":{"@type":"PropertyValueSpecification","valueRequired":true,"valueName":"search_term_string"}}],"inLanguage":"ja"}]}},"_links":{"self":[{"href":"https:\/\/osakaexpo.winesofhungary.hu\/ja\/wp-json\/wp\/v2\/pages\/23","targetHints":{"allow":["GET"]}}],"collection":[{"href":"https:\/\/osakaexpo.winesofhungary.hu\/ja\/wp-json\/wp\/v2\/pages"}],"about":[{"href":"https:\/\/osakaexpo.winesofhungary.hu\/ja\/wp-json\/wp\/v2\/types\/page"}],"author":[{"embeddable":true,"href":"https:\/\/osakaexpo.winesofhungary.hu\/ja\/wp-json\/wp\/v2\/users\/4"}],"replies":[{"embeddable":true,"href":"https:\/\/osakaexpo.winesofhungary.hu\/ja\/wp-json\/wp\/v2\/comments?post=23"}],"version-history":[{"count":165,"href":"https:\/\/osakaexpo.winesofhungary.hu\/ja\/wp-json\/wp\/v2\/pages\/23\/revisions"}],"predecessor-version":[{"id":6072,"href":"https:\/\/osakaexpo.winesofhungary.hu\/ja\/wp-json\/wp\/v2\/pages\/23\/revisions\/6072"}],"wp:attachment":[{"href":"https:\/\/osakaexpo.winesofhungary.hu\/ja\/wp-json\/wp\/v2\/media?parent=23"}],"curies":[{"name":"wp","href":"https:\/\/api.w.org\/{rel}","templated":true}]}}